{"id":304,"date":"2026-04-05T16:50:30","date_gmt":"2026-04-05T14:50:30","guid":{"rendered":"https:\/\/agersnapsfodpleje.dk\/?page_id=304"},"modified":"2026-04-05T16:50:30","modified_gmt":"2026-04-05T14:50:30","slug":"behandlinger-paa-klinikken","status":"publish","type":"page","link":"https:\/\/agersnapsfodpleje.dk\/index.php\/behandlinger-paa-klinikken\/","title":{"rendered":"Behandlinger p\u00e5 klinikken"},"content":{"rendered":"\n<h2 class=\"wp-block-heading\"><img loading=\"lazy\" decoding=\"async\" src=\"https:\/\/agersnapsfodpleje.dk\/wp-content\/uploads\/barefoot-1835661_1920-e1616852358297.jpg\" alt=\"\" width=\"200\" height=\"132\"><\/h2>\n\n\n\n<h3 class=\"wp-block-heading\"><em>Almindelig fodbehandling 340,-<\/em><\/h3>\n\n\n\n<p>Fodbad, klip, slib og rens af negle. Behandling af h\u00e5rd\/t\u00f8r hud og ligtorne. Afslutning med behagelig massage af fod og l\u00e6g.&nbsp; Varighed ca. 40 min.<\/p>\n\n\n\n<h3 class=\"wp-block-heading\"><em>Fodbehandling med peeling 375,-<\/em><\/h3>\n\n\n\n<p>Udover almindelig fodbehandling, peeles fod og l\u00e6g let og renses af med tempereret vand. Behandlingen afsluttes med behagelig massage af fod og l\u00e6g. Varighed ca. 55 min.<\/p>\n\n\n\n<h3 class=\"wp-block-heading\"><\/h3>\n\n\n\n<h3 class=\"wp-block-heading\"><img loading=\"lazy\" decoding=\"async\" src=\"https:\/\/agersnapsfodpleje.dk\/wp-content\/uploads\/118579274_1561631647352376_9157547826168624671_o-e1616855042428.jpg\" alt=\"\" width=\"200\" height=\"178\"><\/h3>\n\n\n\n<h3 class=\"wp-block-heading\"><em>Fodbehandling med varmeparaffin 380,-<\/em><\/h3>\n\n\n\n<p>Udover almindelig fodbehandling, masseres fod og l\u00e6g ind i en s\u00e6rlig creme og f\u00f8dderne f\u00e5r afslutningsvis en&nbsp; varmeparaffinindpakning. Varighed ca. 55 min.<\/p>\n\n\n\n<figure class=\"wp-block-image\"><img loading=\"lazy\" decoding=\"async\" width=\"200\" height=\"302\" src=\"https:\/\/agersnapsfodpleje.dk\/wp-content\/uploads\/80644527_1339282139587329_2853916656210542592_n-e1616856705386.jpg\" alt=\"\" class=\"wp-image-132\"\/><\/figure>\n\n\n\n<h3 class=\"wp-block-heading\"><em>Luksus fodbehandling 400,-&nbsp;<\/em><\/h3>\n\n\n\n<p><strong>Her f\u00e5r du det hele i en behandling.<\/strong><\/p>\n\n\n\n<p>Almindelig fodbehandling samt peeling af fod og l\u00e6g hvorefter huden renses af med tempereret vand. Dern\u00e6st behagelig massage af fod og l\u00e6g i n\u00e6rende creme. Massagen afsluttes med varmeparaffinindpakning.&nbsp; &nbsp; &nbsp; &nbsp; &nbsp; &nbsp; &nbsp; Varighed ca. 70 min.<\/p>\n\n\n\n<figure class=\"wp-block-image\"><img loading=\"lazy\" decoding=\"async\" width=\"200\" height=\"133\" src=\"https:\/\/agersnapsfodpleje.dk\/wp-content\/uploads\/foot-2488529_640-1-e1616859588961.jpg\" alt=\"\" class=\"wp-image-135\"\/><\/figure>\n\n\n\n<figure class=\"wp-block-image\"><img loading=\"lazy\" decoding=\"async\" width=\"200\" height=\"150\" src=\"https:\/\/agersnapsfodpleje.dk\/wp-content\/uploads\/53435278_1117682215080657_7853026454362128384_n-e1616861096396.jpg\" alt=\"\" class=\"wp-image-137\"\/><\/figure>\n\n\n\n<h3 class=\"wp-block-heading\"><em><strong>&nbsp;<\/strong><\/em><\/h3>\n\n\n\n<h3 class=\"wp-block-heading\"><em>CND Shellac helfarve p\u00e5 t\u00e5neglene 240,-<\/em><\/h3>\n\n\n\n<p>Fodbad, og p\u00e5l\u00e6gning af Shellac. Afslutningsvis olie og let massage med creme. Varighed ca. 45 min.<\/p>\n\n\n\n<h3 class=\"wp-block-heading\"><em><strong>CND Shellac Fransk kant&nbsp; 300,-<\/strong><\/em><\/h3>\n\n\n\n<p>Fodbad, og p\u00e5l\u00e6gning af Shellac p\u00e5 t\u00e5neglene.&nbsp;Afslutningsvis olie og let massage med creme.<\/p>\n\n\n\n<p>Varighed ca. 60 min.<\/p>\n\n\n\n<figure class=\"wp-block-image\"><img loading=\"lazy\" decoding=\"async\" width=\"200\" height=\"150\" src=\"https:\/\/agersnapsfodpleje.dk\/wp-content\/uploads\/143055-e1616878437645.jpg\" alt=\"\" class=\"wp-image-142\"\/><\/figure>\n\n\n\n<figure class=\"wp-block-image\"><img loading=\"lazy\" decoding=\"async\" width=\"200\" height=\"200\" src=\"https:\/\/agersnapsfodpleje.dk\/wp-content\/uploads\/00878_pop-display_vlx-e1616878495330.png\" alt=\"\" class=\"wp-image-143\"\/><\/figure>\n\n\n\n<h3 class=\"wp-block-heading\"><em><strong>CND Vinylux neglelak 100,-<\/strong><\/em><\/h3>\n\n\n\n<p>Fodbad og let indsm\u00f8ring med n\u00e6rende creme. P\u00e5l\u00e6gning af CND Vinylux lak og afslutningsvis plejes neglene med olie.<\/p>\n\n\n\n<h3 class=\"wp-block-heading\"><img loading=\"lazy\" decoding=\"async\" src=\"https:\/\/agersnapsfodpleje.dk\/wp-content\/uploads\/17553694_709323659249850_5700394614328252476_n-e1616857760822.jpg\" alt=\"\" width=\"200\" height=\"110\"><\/h3>\n\n\n\n<h3 class=\"wp-block-heading\"><strong><em>H\u00e5ndparaffin 50,-<\/em><\/strong><\/h3>\n\n\n\n<p>De rene h\u00e6nder indsm\u00f8res i n\u00e6rende creme med let massage s\u00e5 der er klar til varmeparaffinindpakning.&nbsp; &nbsp; &nbsp; &nbsp; &nbsp; &nbsp; &nbsp; &nbsp; Varighed ca. 15-20 min.<\/p>\n\n\n\n<h3 class=\"wp-block-heading\"><\/h3>\n\n\n\n<h3 class=\"wp-block-heading\"><img loading=\"lazy\" decoding=\"async\" src=\"https:\/\/agersnapsfodpleje.dk\/wp-content\/uploads\/1908076_324547304394156_8645599770586016140_n-e1616862173999.jpg\" alt=\"\" width=\"200\" height=\"133\"><\/h3>\n\n\n\n<h3 class=\"wp-block-heading\"><em><strong>Manicure 150,-<\/strong><\/em><\/h3>\n\n\n\n<p>Neglene formes og h\u00e6nderne kommer i velduftende h\u00e5ndbad. Negleb\u00e5nd fjernes n\u00e6nsomt.<br>Afsluttes med blid og dejlig h\u00e5ndmassage med n\u00e6rende h\u00e5ndcreme.<\/p>\n\n\n\n<h4 class=\"wp-block-heading\">&nbsp;<img loading=\"lazy\" decoding=\"async\" src=\"https:\/\/agersnapsfodpleje.dk\/wp-content\/uploads\/30624651_898738110308403_7530163703908401152_n-e1616877011388.jpg\" alt=\"\" width=\"200\" height=\"150\"><\/h4>\n\n\n\n<h3 class=\"wp-block-heading\">CND Shellac helfarve p\u00e5 fingerneglene 240,-<\/h3>\n\n\n\n<p>Afretning og rens af negle, s\u00e5 der er klar til Shellac. Lakering i enkelt farve&nbsp; Afslutningsvis olie og negleb\u00e5ndscreme, samt vejledning i at pleje neglene efter behandlingen p\u00e5 neglene. Varighed ca. 50 min.<\/p>\n\n\n\n<h2 class=\"wp-block-heading\"><em>Hvad er CND Shellac?<\/em><\/h2>\n\n\n\n<p>CND Shellac er det&nbsp;<a href=\"http:\/\/www.cheapnfljerseysband.com\/\">cheap nfl jerseys China<\/a>&nbsp;f\u00f8rste professionelle hybrid neglelaksystem. Hybrid mellem neglelak og gel\u00e9. Dette unikke behandlingssystem er en UV3 teknologi. CND Shellac \u00f8del\u00e6gger ikke neglene, og er nemt at tage af. Shellac har h\u00f8jglans, som holder og den krakelere ikke. CND Shellac holder mindst 14 dage, og beskytter samtidig naturneglen.<\/p>\n\n\n\n<ul class=\"wp-block-list\">\n<li>L\u00e6gges\u00a0<a href=\"http:\/\/collinsatvoasn74.bling.fr\/2020\/avril\/27\/143009\/1966-season-in-ncaa-basketball.html\">p\u00e5<\/a>\u00a0som lak<\/li>\n\n\n\n<li>Holder som gel\u00e9<\/li>\n\n\n\n<li>Fjernes som lak<\/li>\n<\/ul>\n\n\n\n<p><strong><em>CND Shellac indeholder ikke formaldehyd, toluene eller dibutyl phthalater<\/em><\/strong>.<\/p>\n\n\n\n<h3 class=\"wp-block-heading\"><\/h3>\n","protected":false},"excerpt":{"rendered":"<p>Almindelig fodbehandling 340,- Fodbad, klip, slib og rens af negle. Behandling af h\u00e5rd\/t\u00f8r [&hellip;]<\/p>\n","protected":false},"author":1,"featured_media":0,"parent":0,"menu_order":0,"comment_status":"closed","ping_status":"closed","template":"","meta":{"footnotes":""},"class_list":["post-304","page","type-page","status-publish","hentry"],"_links":{"self":[{"href":"https:\/\/agersnapsfodpleje.dk\/index.php\/wp-json\/wp\/v2\/pages\/304","targetHints":{"allow":["GET"]}}],"collection":[{"href":"https:\/\/agersnapsfodpleje.dk\/index.php\/wp-json\/wp\/v2\/pages"}],"about":[{"href":"https:\/\/agersnapsfodpleje.dk\/index.php\/wp-json\/wp\/v2\/types\/page"}],"author":[{"embeddable":true,"href":"https:\/\/agersnapsfodpleje.dk\/index.php\/wp-json\/wp\/v2\/users\/1"}],"replies":[{"embeddable":true,"href":"https:\/\/agersnapsfodpleje.dk\/index.php\/wp-json\/wp\/v2\/comments?post=304"}],"version-history":[{"count":1,"href":"https:\/\/agersnapsfodpleje.dk\/index.php\/wp-json\/wp\/v2\/pages\/304\/revisions"}],"predecessor-version":[{"id":305,"href":"https:\/\/agersnapsfodpleje.dk\/index.php\/wp-json\/wp\/v2\/pages\/304\/revisions\/305"}],"wp:attachment":[{"href":"https:\/\/agersnapsfodpleje.dk\/index.php\/wp-json\/wp\/v2\/media?parent=304"}],"curies":[{"name":"wp","href":"https:\/\/api.w.org\/{rel}","templated":true}]}}