{"id":4,"date":"2017-01-17T20:07:46","date_gmt":"2017-01-17T19:07:46","guid":{"rendered":"http:\/\/agersnapsfodpleje.dk\/?page_id=4"},"modified":"2021-01-07T16:46:45","modified_gmt":"2021-01-07T15:46:45","slug":"hjem","status":"publish","type":"page","link":"https:\/\/agersnapsfodpleje.dk\/index.php\/hjem\/","title":{"rendered":"Professionel fodpleje"},"content":{"rendered":"<p><img loading=\"lazy\" decoding=\"async\" class=\"alignnone wp-image-107\" src=\"https:\/\/agersnapsfodpleje.dk\/wp-content\/uploads\/SADF-FOD-LOGO.png\" alt=\"\" width=\"166\" height=\"103\" srcset=\"https:\/\/agersnapsfodpleje.dk\/wp-content\/uploads\/SADF-FOD-LOGO.png 897w, https:\/\/agersnapsfodpleje.dk\/wp-content\/uploads\/SADF-FOD-LOGO-300x187.png 300w, https:\/\/agersnapsfodpleje.dk\/wp-content\/uploads\/SADF-FOD-LOGO-768x479.png 768w, https:\/\/agersnapsfodpleje.dk\/wp-content\/uploads\/SADF-FOD-LOGO-370x231.png 370w\" sizes=\"auto, (max-width: 166px) 100vw, 166px\" \/><\/p>\n<p><strong>SADF<\/strong> er dit kvalitetsstempel for fodpleje af h\u00f8j kvalitet foretaget af professionelt uddannede fodplejere. Vi og vores medlemmer har fokus p\u00e5 det hele menneske. Og vores \u00f8nske er, at g\u00f8re en forskel og styrke folkesundheden. Et skridt p\u00e5 vejen er, at tilbyde alle danskere forebyggende fodpleje for sunde f\u00f8dder.<\/p>\n<div class=\"wpb_text_column wpb_content_element \">\n<div class=\"wpb_wrapper\">\n<p><strong>Professionelt uddannede SADF-fodplejere<br \/>\n<\/strong>SADFs medlemmer har en grundig faglig uddannelse som fodplejere bag sig. Uddannelsen, hvor pensum er sammensat af SADF sikrer, at SADF-fodplejerne har den rette viden og de faglige kompetencer til at udf\u00f8re flere typer af behandlinger. Det er alt fra h\u00e5rdhudsdannelse, ligtorne, nedgroede- og fortykkede negle til mykotiske lidelser, som fod- og neglesvamp. SADF-fodplejere kan udf\u00f8re fodpleje og behandle borgere med for eksempel gigt, diabetes og kredsl\u00f8bsproblemer.<\/p>\n<p><strong>SADF er dit kvalitetsstempel<br \/>\n<\/strong>Medlemskabet af SADF er et kvalitetsstempel, hvor fodplejeren lever op til b\u00e5de faglig uddannelse og h\u00f8j kvalitet i behandlingerne. Det er derfor et udtryk for, at kunderne trygt kan l\u00e6gge deres f\u00f8dder i h\u00e6nderne p\u00e5 SADF-fodplejeren og have tillid til at f\u00e5 kompetent behandling.<\/p>\n<p>Alle SADF-fodplejere er d\u00e6kket af vores kollektive behandleransvarsforsikring, som er den enkelte borgers tryghedsgaranti.<\/p>\n<\/div>\n<\/div>\n<div class=\"vc_row wpb_row vc_inner vc_row-fluid\"><\/div>\n<p>&nbsp;<\/p>\n","protected":false},"excerpt":{"rendered":"<p>SADF er dit kvalitetsstempel for fodpleje af h\u00f8j kvalitet foretaget af professionelt uddannede [&hellip;]<\/p>\n","protected":false},"author":1,"featured_media":0,"parent":0,"menu_order":0,"comment_status":"closed","ping_status":"closed","template":"","meta":{"footnotes":""},"class_list":["post-4","page","type-page","status-publish","hentry"],"_links":{"self":[{"href":"https:\/\/agersnapsfodpleje.dk\/index.php\/wp-json\/wp\/v2\/pages\/4","targetHints":{"allow":["GET"]}}],"collection":[{"href":"https:\/\/agersnapsfodpleje.dk\/index.php\/wp-json\/wp\/v2\/pages"}],"about":[{"href":"https:\/\/agersnapsfodpleje.dk\/index.php\/wp-json\/wp\/v2\/types\/page"}],"author":[{"embeddable":true,"href":"https:\/\/agersnapsfodpleje.dk\/index.php\/wp-json\/wp\/v2\/users\/1"}],"replies":[{"embeddable":true,"href":"https:\/\/agersnapsfodpleje.dk\/index.php\/wp-json\/wp\/v2\/comments?post=4"}],"version-history":[{"count":6,"href":"https:\/\/agersnapsfodpleje.dk\/index.php\/wp-json\/wp\/v2\/pages\/4\/revisions"}],"predecessor-version":[{"id":110,"href":"https:\/\/agersnapsfodpleje.dk\/index.php\/wp-json\/wp\/v2\/pages\/4\/revisions\/110"}],"wp:attachment":[{"href":"https:\/\/agersnapsfodpleje.dk\/index.php\/wp-json\/wp\/v2\/media?parent=4"}],"curies":[{"name":"wp","href":"https:\/\/api.w.org\/{rel}","templated":true}]}}