{"id":5,"date":"2017-01-17T20:07:46","date_gmt":"2017-01-17T19:07:46","guid":{"rendered":"http:\/\/agersnapsfodpleje.dk\/?page_id=5"},"modified":"2026-04-05T17:21:59","modified_gmt":"2026-04-05T15:21:59","slug":"om","status":"publish","type":"page","link":"https:\/\/agersnapsfodpleje.dk\/index.php\/om\/","title":{"rendered":"Om Agersnaps Fodpleje"},"content":{"rendered":"<div data-colibri-id=\"5-c1\" class=\"style-184 style-local-5-c1 position-relative\">\n  <!---->\n  <div data-colibri-component=\"section\" data-colibri-id=\"5-c2\" id=\"initial-content\" class=\"h-section h-section-global-spacing d-flex align-items-lg-center align-items-md-center align-items-center style-185 style-local-5-c2 position-relative\">\n    <!---->\n    <!---->\n    <div class=\"h-section-grid-container h-section-boxed-container\">\n      <!---->\n      <div data-colibri-id=\"5-c3\" class=\"h-row-container gutters-row-lg-2 gutters-row-md-2 gutters-row-0 gutters-row-v-lg-2 gutters-row-v-md-2 gutters-row-v-2 style-186 style-local-5-c3 position-relative\">\n        <!---->\n        <div class=\"h-row justify-content-lg-center justify-content-md-center justify-content-center align-items-lg-stretch align-items-md-stretch align-items-stretch gutters-col-lg-2 gutters-col-md-2 gutters-col-0 gutters-col-v-lg-2 gutters-col-v-md-2 gutters-col-v-2\">\n          <!---->\n          <div class=\"h-column h-column-container d-flex h-col-lg-auto h-col-md-auto h-col-auto style-187-outer style-local-5-c4-outer\">\n            <div data-colibri-id=\"5-c4\" class=\"d-flex h-flex-basis h-column__inner h-px-lg-2 h-px-md-2 h-px-2 v-inner-lg-2 v-inner-md-2 v-inner-2 style-187 style-local-5-c4 position-relative\">\n              <!---->\n              <!---->\n              <div class=\"w-100 h-y-container h-column__content h-column__v-align flex-basis-100 align-self-lg-start align-self-md-start align-self-start\">\n                <!---->\n                <div data-colibri-id=\"5-c5\" class=\"style-188 style-local-5-c5 position-relative h-element\">\n                  <!---->\n                  <div>\n                    <h3>Agersnaps Fodpleje er ejet og drevet af Nicoline Agersnap. Nicoline er uddannet l\u00e6geeksamineret fodplejer i 2002 og har siden taget uddannelse i CND Shellac. Med mere end 20 \u00e5rs erfaring som professionel fodplejer, er dine f\u00f8dder i\n                      gode h\u00e6nder hos Nicoline.<\/h3>\n                    Agersnaps Fodpleje er etableret i 2003. I oktober 2006 lejede Agersnaps Fodpleje sig ind p\u00e5 klinik Image i Engesvang . I februar 2017 flyttede vi og havde klinik sammen med fris\u00f8rsalon, Din fris\u00f8r, p\u00e5 Gl. Kongevej 56 i Engesvang. I november 2019 oph\u00f8rte\n                    samarbejdet ned Din fris\u00f8r og i januar 2020 flyttede Agersnaps Fodpleje i egne lokaler, men p\u00e5 samme adresse. Udover fodbehandlinger kan man f\u00e5 manicure. Der laves ogs\u00e5 CND Shellac b\u00e5de p\u00e5 h\u00e6nder og f\u00f8dder. Salg af fodplejeprodukter\n                    og produkter fra Acad\u0113mi\u0113 ( kvalitetsprodukter til ansigt og krop.) Agersnaps Fodpleje har mere end 20 \u00e5rs erfaring i pleje og behandling af f\u00f8dder.<\/div>\n                <\/div>\n              <\/div>\n            <\/div>\n          <\/div>\n        <\/div>\n      <\/div>\n    <\/div>\n  <\/div>\n  <div data-colibri-component=\"section\" data-colibri-id=\"5-c6\" id=\"custom\" class=\"h-section h-section-global-spacing d-flex align-items-lg-center align-items-md-center align-items-center style-189 style-local-5-c6 position-relative\">\n    <!---->\n    <!---->\n    <div class=\"h-section-grid-container h-section-boxed-container\">\n      <!---->\n      <div data-colibri-id=\"5-c7\" class=\"h-row-container gutters-row-lg-2 gutters-row-md-2 gutters-row-0 gutters-row-v-lg-2 gutters-row-v-md-2 gutters-row-v-2 style-190 style-local-5-c7 position-relative\">\n        <!---->\n        <div class=\"h-row justify-content-lg-center justify-content-md-center justify-content-center align-items-lg-stretch align-items-md-stretch align-items-stretch gutters-col-lg-2 gutters-col-md-2 gutters-col-0 gutters-col-v-lg-2 gutters-col-v-md-2 gutters-col-v-2\">\n          <!---->\n          <div class=\"h-column h-column-container d-flex h-col-lg-auto h-col-md-auto h-col-auto style-191-outer style-local-5-c8-outer\">\n            <div data-colibri-id=\"5-c8\" class=\"d-flex h-flex-basis h-column__inner h-px-lg-2 h-px-md-2 h-px-2 v-inner-lg-2 v-inner-md-2 v-inner-2 style-191 style-local-5-c8 position-relative\">\n              <!---->\n              <!---->\n              <div class=\"w-100 h-y-container h-column__content h-column__v-align flex-basis-100 align-self-lg-start align-self-md-start align-self-start\">\n                <!---->\n                <div data-colibri-id=\"5-c9\" class=\"h-x-container style-192 style-local-5-c9 position-relative h-element\">\n                  <!---->\n                  <div class=\"h-x-container-inner style-dynamic-5-c9-group style-192-spacing style-local-5-c9-spacing\"><span class=\"h-link__outer style-193-outer style-local-5-c10-outer d-inline-flex h-element\"><a h-use-smooth-scroll=\"true\" href=\"https:\/\/agersnapsfodpleje.dk\/index.php\/hjem\/\"  data-colibri-id=\"5-c10\" class=\"d-flex w-100 align-items-center h-link style-193 style-local-5-c10 position-relative\"><!----><!----> <span>Om Professionel Fodpleje<\/span><\/a>\n                    <\/span>\n                  <\/div>\n                <\/div>\n              <\/div>\n            <\/div>\n          <\/div>\n        <\/div>\n      <\/div>\n      <div data-colibri-id=\"5-c11\" class=\"h-row-container gutters-row-lg-2 gutters-row-md-2 gutters-row-0 gutters-row-v-lg-2 gutters-row-v-md-2 gutters-row-v-2 style-195 style-local-5-c11 position-relative\">\n        <!---->\n        <div class=\"h-row justify-content-lg-center justify-content-md-center justify-content-center align-items-lg-stretch align-items-md-stretch align-items-stretch gutters-col-lg-2 gutters-col-md-2 gutters-col-0 gutters-col-v-lg-2 gutters-col-v-md-2 gutters-col-v-2\">\n          <!---->\n          <div class=\"h-column h-column-container d-flex h-col-lg-auto h-col-md-auto h-col-auto style-196-outer style-local-5-c12-outer\">\n            <div data-colibri-id=\"5-c12\" class=\"d-flex h-flex-basis h-column__inner h-px-lg-2 h-px-md-2 h-px-2 v-inner-lg-2 v-inner-md-2 v-inner-2 style-196 style-local-5-c12 position-relative\">\n              <!---->\n              <!---->\n              <div class=\"w-100 h-y-container h-column__content h-column__v-align flex-basis-100 align-self-lg-start align-self-md-start align-self-start\">\n                <!---->\n                <div data-colibri-id=\"5-c13\" class=\"d-block style-194 style-local-5-c13 position-relative h-element\">\n                  <!---->\n                  <div class=\"h-image__frame-container-outer\">\n                    <a href=\"https:\/\/agersnapsfodpleje.dk\/index.php\/hjem\/\" h-use-smooth-scroll=\"true\" class=\"image-link\">\n                      <div class=\"h-image__frame-container\">\n                        <!---->\n                        <!---->\n                        <img loading=\"lazy\" decoding=\"async\" width=\"1920\" height=\"1172\" src=\"https:\/\/agersnapsfodpleje.dk\/wp-content\/uploads\/cropped-SADF-FOD-LOGO.png\" class=\"wp-image-116 style-194-image style-local-5-c13-image\" alt=\"\" srcset=\"https:\/\/agersnapsfodpleje.dk\/wp-content\/uploads\/cropped-SADF-FOD-LOGO.png 1920w, https:\/\/agersnapsfodpleje.dk\/wp-content\/uploads\/cropped-SADF-FOD-LOGO-300x183.png 300w, https:\/\/agersnapsfodpleje.dk\/wp-content\/uploads\/cropped-SADF-FOD-LOGO-768x469.png 768w, https:\/\/agersnapsfodpleje.dk\/wp-content\/uploads\/cropped-SADF-FOD-LOGO-1024x625.png 1024w, https:\/\/agersnapsfodpleje.dk\/wp-content\/uploads\/cropped-SADF-FOD-LOGO-370x226.png 370w, https:\/\/agersnapsfodpleje.dk\/wp-content\/uploads\/cropped-SADF-FOD-LOGO-1040x635.png 1040w\" sizes=\"auto, (max-width: 1920px) 100vw, 1920px\" \/>\n                        <div class=\"h-image__frame h-hide-lg h-hide-md h-hide-sm style-194-frameImage style-local-5-c13-frameImage\"><\/div>\n                      <\/div>\n                    <\/a>\n                  <\/div>\n                <\/div>\n              <\/div>\n            <\/div>\n          <\/div>\n        <\/div>\n      <\/div>\n    <\/div>\n  <\/div>\n<\/div>","protected":false},"excerpt":{"rendered":"<p>Agersnaps Fodpleje er ejet og drevet af Nicoline Agersnap. Nicoline er uddannet l\u00e6geeksamineret [&hellip;]<\/p>\n","protected":false},"author":1,"featured_media":0,"parent":0,"menu_order":0,"comment_status":"closed","ping_status":"closed","template":"page-templates\/full-width-page.php","meta":{"footnotes":""},"class_list":["post-5","page","type-page","status-publish","hentry"],"_links":{"self":[{"href":"https:\/\/agersnapsfodpleje.dk\/index.php\/wp-json\/wp\/v2\/pages\/5","targetHints":{"allow":["GET"]}}],"collection":[{"href":"https:\/\/agersnapsfodpleje.dk\/index.php\/wp-json\/wp\/v2\/pages"}],"about":[{"href":"https:\/\/agersnapsfodpleje.dk\/index.php\/wp-json\/wp\/v2\/types\/page"}],"author":[{"embeddable":true,"href":"https:\/\/agersnapsfodpleje.dk\/index.php\/wp-json\/wp\/v2\/users\/1"}],"replies":[{"embeddable":true,"href":"https:\/\/agersnapsfodpleje.dk\/index.php\/wp-json\/wp\/v2\/comments?post=5"}],"version-history":[{"count":15,"href":"https:\/\/agersnapsfodpleje.dk\/index.php\/wp-json\/wp\/v2\/pages\/5\/revisions"}],"predecessor-version":[{"id":385,"href":"https:\/\/agersnapsfodpleje.dk\/index.php\/wp-json\/wp\/v2\/pages\/5\/revisions\/385"}],"wp:attachment":[{"href":"https:\/\/agersnapsfodpleje.dk\/index.php\/wp-json\/wp\/v2\/media?parent=5"}],"curies":[{"name":"wp","href":"https:\/\/api.w.org\/{rel}","templated":true}]}}